{"id":24167,"date":"2023-04-27T09:44:19","date_gmt":"2023-04-27T12:44:19","guid":{"rendered":"https:\/\/pecorari-cloudbr54.pecoraricloud.com.br\/~rodoviariosoroca\/?page_id=24167"},"modified":"2023-07-02T19:26:30","modified_gmt":"2023-07-02T22:26:30","slug":"historia","status":"publish","type":"page","link":"https:\/\/vidreiros.org.br\/novo\/?page_id=24167","title":{"rendered":"Nossa hist\u00f3ria"},"content":{"rendered":"\n<p>O Sindicato dos Trabalhadores nas Empresas de Fabrica\u00e7\u00e3o, Beneficiamento e Transforma\u00e7\u00e3o de Vidros, Cristais, Espelhos, Fibra e L\u00e3 de Vidro no Estado de S\u00e3o Paulo est\u00e1 entre os sindicatos mais antigos do pa\u00eds, participando dos principais momentos da hist\u00f3ria do Brasil e do mundo, cobrando elei\u00e7\u00f5es livres para presidente e celebrando a chegada de um oper\u00e1rio \u2013 Lula \u2013 ao poder. A entidade denunciou o golpe contra Dilma, os ataques aos direitos feitos por Temer e resistimos ao desastre do governo Bolsonaro, com pandemia fora de controle e a volta da fome.\u00a0<\/p>\n\n\n\n<p>Ao longo desse tempo, o Sindicato sempre esteve dialogando com o trabalhador e a trabalhadora na porta da f\u00e1brica, denunciando situa\u00e7\u00f5es prec\u00e1rias, condi\u00e7\u00f5es de explora\u00e7\u00e3o, ass\u00e9dios e de riscos \u00e0 sa\u00fade e \u00e0 seguran\u00e7a. E foi assim que a categoria conquistou uma Conven\u00e7\u00e3o Coletiva forte, que \u00e9 atualizada a cada ano, al\u00e9m da constru\u00e7\u00e3o de importantes patrim\u00f4nios, como a sede pr\u00f3pria, subsedes, a Col\u00f4nia de F\u00e9rias e o S\u00edtio dos Vidreiros.<\/p>\n\n\n\n<p>Desde 1933, a entidade compreende a import\u00e2ncia da unidade na luta e, ao lado de outras categorias, participou de greves nacionais, atos e mobiliza\u00e7\u00f5es. Dessa forma, lutou pela cria\u00e7\u00e3o da Carteira de Trabalho, jornada de trabalho, sal\u00e1rio m\u00ednimo, 13\u00ba, licen\u00e7a-maternidade e muitos outros direitos. Fundamos o Dieese, importante instrumento de dados, a CUT (Central \u00danica dos Trabalhadores), uma das mais poderosas centrais sindicais do mundo, e a Confedera\u00e7\u00e3o do Ramo Qu\u00edmico (CNQ).<\/p>\n\n\n\n<p><strong>Funda\u00e7\u00e3o<\/strong><\/p>\n\n\n\n<p>Com a cria\u00e7\u00e3o do Minist\u00e9rio do Trabalho, em 1930, na Era Vargas, veio a regulamenta\u00e7\u00e3o dos sindicatos oper\u00e1rios e patronais no Brasil. Muitas entidades de defesa dos trabalhadores, que j\u00e1 existiam de maneira clandestina, passaram a ser oficializadas.<\/p>\n\n\n\n<p>No caso dos vidreiros, a categoria j\u00e1 se organizava h\u00e1 muito tempo, por meio de associa\u00e7\u00f5es e grupos locais, inspirados nos movimentos anarquistas da It\u00e1lia. Mas foi em 1933, no dia 18 de janeiro, que foi criada a Uni\u00e3o Sindical dos Vidreiros de S. Paulo, em assembleia que ocorreu na primeira sede social da entidade, na Avenida Celso Garcia, n\u00ba 384, no Br\u00e1s, tendo como primeiro presidente Jo\u00e3o Marchioni.<\/p>\n\n\n\n<p><strong>Conven\u00e7\u00e3o Coletiva forte<\/strong><\/p>\n\n\n\n<p>Uma das maiores conquistas da categoria vidreira no estado de S\u00e3o Paulo \u00e9 a Conven\u00e7\u00e3o Coletiva de Trabalho (CCT), documento que possui 70 cl\u00e1usulas que devem ser cumpridas e respeitadas pelos patr\u00f5es. A Conven\u00e7\u00e3o trata sobre direitos e quest\u00f5es espec\u00edficas da categoria, como o valor do diss\u00eddio salarial, indeniza\u00e7\u00f5es e benef\u00edcios.<\/p>\n\n\n\n<p>Ela \u00e9 fruto de intensa negocia\u00e7\u00e3o junto aos empres\u00e1rios e discutida intensamente com os trabalhadores e as trabalhadoras todos os anos. Em 2023, ela vem atualizada trata de inclus\u00e3o de trabalhadores com defici\u00eancia, LGBTQIA+, respeito \u00e0s mulheres e combate \u00e0 viol\u00eancia de g\u00eanero. A CCT garantiu que, mesmo com a maldosa reforma Trabalhista, feito pelo golpista Michel Temer, a categoria foi uma das poucas a n\u00e3o ser atingida com o trabalho intermitente, por exemplo.<\/p>\n\n\n\n<p><\/p>\n","protected":false},"excerpt":{"rendered":"<p>O Sindicato dos Trabalhadores nas Empresas de Fabrica\u00e7\u00e3o, Beneficiamento e Transforma\u00e7\u00e3o de Vidros, Cristais, Espelhos, Fibra e L\u00e3 de Vidro no Estado de S\u00e3o Paulo est\u00e1 entre os sindicatos mais antigos do pa\u00eds, participando dos principais momentos da hist\u00f3ria do Brasil e do mundo, cobrando elei\u00e7\u00f5es livres para presidente e celebrando a chegada de um&hellip;<\/p>\n","protected":false},"author":1,"featured_media":0,"parent":0,"menu_order":0,"comment_status":"closed","ping_status":"closed","template":"","meta":{"limit_modified_date":"","last_modified_date":"","cybocfi_hide_featured_image":"","footnotes":""},"class_list":["post-24167","page","type-page","status-publish","hentry"],"_links":{"self":[{"href":"https:\/\/vidreiros.org.br\/novo\/index.php?rest_route=\/wp\/v2\/pages\/24167","targetHints":{"allow":["GET"]}}],"collection":[{"href":"https:\/\/vidreiros.org.br\/novo\/index.php?rest_route=\/wp\/v2\/pages"}],"about":[{"href":"https:\/\/vidreiros.org.br\/novo\/index.php?rest_route=\/wp\/v2\/types\/page"}],"author":[{"embeddable":true,"href":"https:\/\/vidreiros.org.br\/novo\/index.php?rest_route=\/wp\/v2\/users\/1"}],"replies":[{"embeddable":true,"href":"https:\/\/vidreiros.org.br\/novo\/index.php?rest_route=%2Fwp%2Fv2%2Fcomments&post=24167"}],"version-history":[{"count":3,"href":"https:\/\/vidreiros.org.br\/novo\/index.php?rest_route=\/wp\/v2\/pages\/24167\/revisions"}],"predecessor-version":[{"id":28169,"href":"https:\/\/vidreiros.org.br\/novo\/index.php?rest_route=\/wp\/v2\/pages\/24167\/revisions\/28169"}],"wp:attachment":[{"href":"https:\/\/vidreiros.org.br\/novo\/index.php?rest_route=%2Fwp%2Fv2%2Fmedia&parent=24167"}],"curies":[{"name":"wp","href":"https:\/\/api.w.org\/{rel}","templated":true}]}}