{"id":24412,"date":"2023-04-27T15:04:08","date_gmt":"2023-04-27T18:04:08","guid":{"rendered":"https:\/\/pecorari-cloudbr54.pecoraricloud.com.br\/~rodoviariosoroca\/?page_id=24412"},"modified":"2023-07-02T19:49:04","modified_gmt":"2023-07-02T22:49:04","slug":"convenios","status":"publish","type":"page","link":"https:\/\/vidreiros.org.br\/novo\/?page_id=24412","title":{"rendered":"Conv\u00eanio com faculdades"},"content":{"rendered":"\n<p>O Sindicato mant\u00e9m conv\u00eanio com faculdades e outras institui\u00e7\u00f5es de ensino, que oferecem descontos na mensalidade para os associados. Informe-se em nossa sede ou subsedes.<\/p>\n","protected":false},"excerpt":{"rendered":"<p>O Sindicato mant\u00e9m conv\u00eanio com faculdades e outras institui\u00e7\u00f5es de ensino, que oferecem descontos na mensalidade para os associados. Informe-se em nossa sede ou subsedes.<\/p>\n","protected":false},"author":1,"featured_media":0,"parent":0,"menu_order":0,"comment_status":"closed","ping_status":"closed","template":"","meta":{"limit_modified_date":"","last_modified_date":"","cybocfi_hide_featured_image":"","footnotes":""},"class_list":["post-24412","page","type-page","status-publish","hentry"],"_links":{"self":[{"href":"https:\/\/vidreiros.org.br\/novo\/index.php?rest_route=\/wp\/v2\/pages\/24412","targetHints":{"allow":["GET"]}}],"collection":[{"href":"https:\/\/vidreiros.org.br\/novo\/index.php?rest_route=\/wp\/v2\/pages"}],"about":[{"href":"https:\/\/vidreiros.org.br\/novo\/index.php?rest_route=\/wp\/v2\/types\/page"}],"author":[{"embeddable":true,"href":"https:\/\/vidreiros.org.br\/novo\/index.php?rest_route=\/wp\/v2\/users\/1"}],"replies":[{"embeddable":true,"href":"https:\/\/vidreiros.org.br\/novo\/index.php?rest_route=%2Fwp%2Fv2%2Fcomments&post=24412"}],"version-history":[{"count":3,"href":"https:\/\/vidreiros.org.br\/novo\/index.php?rest_route=\/wp\/v2\/pages\/24412\/revisions"}],"predecessor-version":[{"id":28180,"href":"https:\/\/vidreiros.org.br\/novo\/index.php?rest_route=\/wp\/v2\/pages\/24412\/revisions\/28180"}],"wp:attachment":[{"href":"https:\/\/vidreiros.org.br\/novo\/index.php?rest_route=%2Fwp%2Fv2%2Fmedia&parent=24412"}],"curies":[{"name":"wp","href":"https:\/\/api.w.org\/{rel}","templated":true}]}}