{"id":24417,"date":"2023-04-27T15:09:53","date_gmt":"2023-04-27T18:09:53","guid":{"rendered":"https:\/\/pecorari-cloudbr54.pecoraricloud.com.br\/~rodoviariosoroca\/?page_id=24417"},"modified":"2023-07-17T09:58:26","modified_gmt":"2023-07-17T12:58:26","slug":"assessoria-juridica","status":"publish","type":"page","link":"https:\/\/vidreiros.org.br\/novo\/?page_id=24417","title":{"rendered":"Assessoria Jur\u00eddica"},"content":{"rendered":"<style>.kb-image_a40cd9-17 .kb-image-has-overlay:after{opacity:0.3;}<\/style>\n<figure class=\"wp-block-kadence-image kb-image_a40cd9-17\"><img decoding=\"async\" src=\"https:\/\/pecorari-cloudbr54.pecoraricloud.com.br\/~rodoviariosoroca\/wp-content\/uploads\/2023\/04\/E095810-F00001-P375-2000x0-1.jpeg\" alt=\", \" class=\"kb-img wp-image-24418\"\/><\/figure>\n\n\n\n<p><strong>A<\/strong><\/p>\n\n\n\n<p>A Secretaria de Assuntos Jur\u00eddicos do Sindicato est\u00e1 \u00e0 disposi\u00e7\u00e3o das trabalhadoras e dos trabalhadoras vidreiros para orientar, junto a um corpo de advogados, sobre direitos trabalhistas, acordos coletivos, homologa\u00e7\u00e3o e direitos previdenci\u00e1rios, e para instaurar e acompanhar processos na \u00e1rea trabalhista e acident\u00e1rio. Informe-se sobre agendamento na sede e nas subsedes do Sindicato.<\/p>\n\n\n\n<figure class=\"wp-block-table\"><table><tbody><tr><td><strong>SEDE (Atendimento Central)<br><\/strong>S\u00c3O PAULO<br><br>ENDERE\u00c7O:<br>Avenida Rangel Pestana, 1189 &#8211; Br\u00e1s<br><br><\/td><td>&nbsp;<\/td><td><br><br>HOR\u00c1RIO DE ATENDIMENTO:<br>De segunda a sexta &#8211; 8h \u00e0s 17h<br><br>CONTATOS:<br>(11) 3312-7777<br>E-mail: juridico@vidreiros.org.br<br><br><br><br><\/td><\/tr><\/tbody><\/table><\/figure>\n\n\n\n<p><\/p>\n","protected":false},"excerpt":{"rendered":"<p>A A Secretaria de Assuntos Jur\u00eddicos do Sindicato est\u00e1 \u00e0 disposi\u00e7\u00e3o das trabalhadoras e dos trabalhadoras vidreiros para orientar, junto a um corpo de advogados, sobre direitos trabalhistas, acordos coletivos, homologa\u00e7\u00e3o e direitos previdenci\u00e1rios, e para instaurar e acompanhar processos na \u00e1rea trabalhista e acident\u00e1rio. Informe-se sobre agendamento na sede e nas subsedes do Sindicato.&hellip;<\/p>\n","protected":false},"author":1,"featured_media":0,"parent":0,"menu_order":0,"comment_status":"closed","ping_status":"closed","template":"","meta":{"limit_modified_date":"","last_modified_date":"","cybocfi_hide_featured_image":"","footnotes":""},"class_list":["post-24417","page","type-page","status-publish","hentry"],"_links":{"self":[{"href":"https:\/\/vidreiros.org.br\/novo\/index.php?rest_route=\/wp\/v2\/pages\/24417","targetHints":{"allow":["GET"]}}],"collection":[{"href":"https:\/\/vidreiros.org.br\/novo\/index.php?rest_route=\/wp\/v2\/pages"}],"about":[{"href":"https:\/\/vidreiros.org.br\/novo\/index.php?rest_route=\/wp\/v2\/types\/page"}],"author":[{"embeddable":true,"href":"https:\/\/vidreiros.org.br\/novo\/index.php?rest_route=\/wp\/v2\/users\/1"}],"replies":[{"embeddable":true,"href":"https:\/\/vidreiros.org.br\/novo\/index.php?rest_route=%2Fwp%2Fv2%2Fcomments&post=24417"}],"version-history":[{"count":4,"href":"https:\/\/vidreiros.org.br\/novo\/index.php?rest_route=\/wp\/v2\/pages\/24417\/revisions"}],"predecessor-version":[{"id":28345,"href":"https:\/\/vidreiros.org.br\/novo\/index.php?rest_route=\/wp\/v2\/pages\/24417\/revisions\/28345"}],"wp:attachment":[{"href":"https:\/\/vidreiros.org.br\/novo\/index.php?rest_route=%2Fwp%2Fv2%2Fmedia&parent=24417"}],"curies":[{"name":"wp","href":"https:\/\/api.w.org\/{rel}","templated":true}]}}