{"id":26775,"date":"2023-05-17T16:14:01","date_gmt":"2023-05-17T19:14:01","guid":{"rendered":"http:\/\/vidreiros.org.br\/novo\/?page_id=26775"},"modified":"2023-07-02T19:52:00","modified_gmt":"2023-07-02T22:52:00","slug":"convenios-2","status":"publish","type":"page","link":"https:\/\/vidreiros.org.br\/novo\/?page_id=26775","title":{"rendered":"Conv\u00eanio Odontol\u00f3gico"},"content":{"rendered":"<h2>Conv\u00eanio Odontol\u00f3gico<\/h2>\n<p>O Sindicato tamb\u00e9m mant\u00e9m conv\u00eanio odontol\u00f3gico a seus associados e seus dependentes. O servi\u00e7o est\u00e1 dispon\u00edvel na sede do Sindicato em S\u00e3o Paulo e em S\u00e3o Bernardo do Campo. O atendimento para extra\u00e7\u00e3o, obtura\u00e7\u00e3o e limpeza \u00e9 gratuito!<\/p>\n","protected":false},"excerpt":{"rendered":"<p>Conv\u00eanio Odontol\u00f3gico O Sindicato tamb\u00e9m mant\u00e9m conv\u00eanio odontol\u00f3gico a seus associados e seus dependentes. O servi\u00e7o est\u00e1 dispon\u00edvel na sede do Sindicato em S\u00e3o Paulo e em S\u00e3o Bernardo do Campo. O atendimento para extra\u00e7\u00e3o, obtura\u00e7\u00e3o e limpeza \u00e9 gratuito!<\/p>\n","protected":false},"author":1,"featured_media":0,"parent":0,"menu_order":0,"comment_status":"closed","ping_status":"closed","template":"","meta":{"limit_modified_date":"","last_modified_date":"","cybocfi_hide_featured_image":"","footnotes":""},"class_list":["post-26775","page","type-page","status-publish","hentry"],"_links":{"self":[{"href":"https:\/\/vidreiros.org.br\/novo\/index.php?rest_route=\/wp\/v2\/pages\/26775","targetHints":{"allow":["GET"]}}],"collection":[{"href":"https:\/\/vidreiros.org.br\/novo\/index.php?rest_route=\/wp\/v2\/pages"}],"about":[{"href":"https:\/\/vidreiros.org.br\/novo\/index.php?rest_route=\/wp\/v2\/types\/page"}],"author":[{"embeddable":true,"href":"https:\/\/vidreiros.org.br\/novo\/index.php?rest_route=\/wp\/v2\/users\/1"}],"replies":[{"embeddable":true,"href":"https:\/\/vidreiros.org.br\/novo\/index.php?rest_route=%2Fwp%2Fv2%2Fcomments&post=26775"}],"version-history":[{"count":21,"href":"https:\/\/vidreiros.org.br\/novo\/index.php?rest_route=\/wp\/v2\/pages\/26775\/revisions"}],"predecessor-version":[{"id":28181,"href":"https:\/\/vidreiros.org.br\/novo\/index.php?rest_route=\/wp\/v2\/pages\/26775\/revisions\/28181"}],"wp:attachment":[{"href":"https:\/\/vidreiros.org.br\/novo\/index.php?rest_route=%2Fwp%2Fv2%2Fmedia&parent=26775"}],"curies":[{"name":"wp","href":"https:\/\/api.w.org\/{rel}","templated":true}]}}