{"id":26805,"date":"2023-05-17T16:36:50","date_gmt":"2023-05-17T19:36:50","guid":{"rendered":"http:\/\/vidreiros.org.br\/novo\/?page_id=26805"},"modified":"2023-07-27T13:10:18","modified_gmt":"2023-07-27T16:10:18","slug":"servicos","status":"publish","type":"page","link":"https:\/\/vidreiros.org.br\/novo\/?page_id=26805","title":{"rendered":"Servi\u00e7os"},"content":{"rendered":"<h2>Benef\u00edcios aos Associados<\/h2>\n<p><img class=\"lazyload_inited\" fetchpriority=\"high\" decoding=\"async\" src=\"http:\/\/vidreiros.org.br\/novo\/wp-content\/uploads\/2023\/05\/Servicos.jpg\" sizes=\"(max-width: 945px) 100vw, 945px\" srcset=\"http:\/\/vidreiros.org.br\/novo\/wp-content\/uploads\/2023\/05\/Servicos.jpg 945w, http:\/\/vidreiros.org.br\/novo\/wp-content\/uploads\/2023\/05\/Servicos-300x169.jpg 300w, http:\/\/vidreiros.org.br\/novo\/wp-content\/uploads\/2023\/05\/Servicos-768x432.jpg 768w, http:\/\/vidreiros.org.br\/novo\/wp-content\/uploads\/2023\/05\/Servicos-370x208.jpg 370w, http:\/\/vidreiros.org.br\/novo\/wp-content\/uploads\/2023\/05\/Servicos-865x486.jpg 865w, http:\/\/vidreiros.org.br\/novo\/wp-content\/uploads\/2023\/05\/Servicos-642x361.jpg 642w, http:\/\/vidreiros.org.br\/novo\/wp-content\/uploads\/2023\/05\/Servicos-270x152.jpg 270w\" alt=\"\" width=\"945\" height=\"531\" \/><\/p>\n<p>A luta dos trabalhadores organizados sempre foi a respons\u00e1vel pelas conquistas e manuten\u00e7\u00e3o de direitos trabalhistas. Fortalecer a categoria e organizar a defesa dos direitos dos trabalhadores vidreiros sempre foi a principal miss\u00e3o do nosso sindicato, que existe h\u00e1 90 anos como ferramenta leg\u00edtima de organiza\u00e7\u00e3o da nossa classe.<\/p>\n<p>Al\u00e9m de lutar pelos direitos de todos os trabalhadores vidreiros, o sindicato disponibiliza alguns servi\u00e7os para os trabalhadores associados:<\/p>\n<p>Col\u00f4nia de f\u00e9rias \u2013 Praia Grande<\/p>\n<p>S\u00e3o 32 apartamentos \u00e0 disposi\u00e7\u00e3o dos associados e dependentes, a 200 metros da praia, com refeit\u00f3rio, \u00e1rea de recrea\u00e7\u00e3o e amplo audit\u00f3rio para eventos.<\/p>\n<p>S\u00edtio dos Vidreiros<\/p>\n<p>Localizado em Bom Jesus dos Perd\u00f5es, pr\u00f3ximo a Nazar\u00e9 Paulista. Possui uma grande \u00e1rea verde, al\u00e9m de sal\u00e3o de festas, churrasqueira, trilha para caminhada, piscinas para adultos e crian\u00e7as, campo de futebol society e sal\u00e3o de jogos.<\/p>\n<p>S\u00d3CIO, Leve sempre a sua carteirinha quando for \u00e0 col\u00f4nia ou ao s\u00edtio<\/p>\n<p>Departamento jur\u00eddico<\/p>\n<p>A Secretaria de Assuntos Jur\u00eddicos do Sindicato est\u00e1 \u00e0 disposi\u00e7\u00e3o dos associados para causas trabalhistas e acident\u00e1rias. Os atendimentos acontecem tanto na sede central no Br\u00e1s como nas subsedes:<\/p>\n<p>Sede &#8211; Ter\u00e7as-feiras das 10h \u00e1s 12h<\/p>\n<p>Subsede Ferraz de Vasconcelos \u2013 Quartas-feiras a cada 15 dias, das 9h \u00e0s 11h<\/p>\n<p>Subsede S\u00e3o Bernardo do Campo \u2013 Quintas-feiras a cada 15 dias, das 15h \u00e0s 17h<\/p>\n<p>Subsede S\u00e3o Jos\u00e9 dos Campos \u2013 Sextas-feiras a cada 15 dias, das 14h \u00e0s 16h<\/p>\n","protected":false},"excerpt":{"rendered":"<p>Benef\u00edcios aos Associados A luta dos trabalhadores organizados sempre foi a respons\u00e1vel pelas conquistas e manuten\u00e7\u00e3o de direitos trabalhistas. Fortalecer a categoria e organizar a defesa dos direitos dos trabalhadores vidreiros sempre foi a principal miss\u00e3o do nosso sindicato, que existe h\u00e1 90 anos como ferramenta leg\u00edtima de organiza\u00e7\u00e3o da nossa classe. Al\u00e9m de lutar&hellip;<\/p>\n","protected":false},"author":1,"featured_media":0,"parent":0,"menu_order":0,"comment_status":"closed","ping_status":"closed","template":"","meta":{"limit_modified_date":"","last_modified_date":"","cybocfi_hide_featured_image":"","footnotes":""},"class_list":["post-26805","page","type-page","status-publish","hentry"],"_links":{"self":[{"href":"https:\/\/vidreiros.org.br\/novo\/index.php?rest_route=\/wp\/v2\/pages\/26805","targetHints":{"allow":["GET"]}}],"collection":[{"href":"https:\/\/vidreiros.org.br\/novo\/index.php?rest_route=\/wp\/v2\/pages"}],"about":[{"href":"https:\/\/vidreiros.org.br\/novo\/index.php?rest_route=\/wp\/v2\/types\/page"}],"author":[{"embeddable":true,"href":"https:\/\/vidreiros.org.br\/novo\/index.php?rest_route=\/wp\/v2\/users\/1"}],"replies":[{"embeddable":true,"href":"https:\/\/vidreiros.org.br\/novo\/index.php?rest_route=%2Fwp%2Fv2%2Fcomments&post=26805"}],"version-history":[{"count":12,"href":"https:\/\/vidreiros.org.br\/novo\/index.php?rest_route=\/wp\/v2\/pages\/26805\/revisions"}],"predecessor-version":[{"id":28384,"href":"https:\/\/vidreiros.org.br\/novo\/index.php?rest_route=\/wp\/v2\/pages\/26805\/revisions\/28384"}],"wp:attachment":[{"href":"https:\/\/vidreiros.org.br\/novo\/index.php?rest_route=%2Fwp%2Fv2%2Fmedia&parent=26805"}],"curies":[{"name":"wp","href":"https:\/\/api.w.org\/{rel}","templated":true}]}}