{"id":26820,"date":"2023-05-17T16:46:11","date_gmt":"2023-05-17T19:46:11","guid":{"rendered":"http:\/\/vidreiros.org.br\/novo\/?page_id=26820"},"modified":"2025-08-21T18:18:36","modified_gmt":"2025-08-21T21:18:36","slug":"fale-conosco","status":"publish","type":"page","link":"https:\/\/vidreiros.org.br\/novo\/?page_id=26820","title":{"rendered":"Fale conosco"},"content":{"rendered":"\n<p><strong>SEDE CENTRAL:<\/strong><\/p>\n\n\n\n<p>Avenida Rangel Pestana, 1189<\/p>\n\n\n\n<p>Br\u00e1s \u2013 S\u00e3o Paulo (SP)<\/p>\n\n\n\n<p>(11) 3312-7777<\/p>\n\n\n\n<p><strong>SUBSEDE S\u00c3O BERNARDO DO CAMPO:<\/strong><\/p>\n\n\n\n<p>Av. das Rosas, 122<\/p>\n\n\n\n<p>Centro de S\u00e3o Bernardo (ABC PAULISTA)<\/p>\n\n\n\n<p>(11) 4339-1834<\/p>\n\n\n\n<p><strong>SUBSEDE FERRAZ DE VASCONCELOS:<\/strong><\/p>\n\n\n\n<p>Rua Godofredo Os\u00f3rio Novaes, 44b (ao lado do dep\u00f3sito Depofix)<\/p>\n\n\n\n<p>(11) 4678-4882<\/p>\n\n\n\n<p><strong>SUBSEDE RIO CLARO:<\/strong><\/p>\n\n\n\n<p>Av. 2, n\u00ba 453, sala 3 &#8211; Centro de Rio Claro<\/p>\n\n\n\n<p>(19) 99739-7239<\/p>\n\n\n\n<p><strong>SUBSEDE S\u00c3O JOS\u00c9 DOS CAMPOS<\/strong>:<\/p>\n\n\n\n<p>Rua Gen\u00e9sia B. Tarantino, 424<\/p>\n\n\n\n<p>Jardim Paulista \u2013 SJC (VALE DO PARA\u00cdBA)<\/p>\n\n\n\n<p>(12) 3922-4181<\/p>\n\n\n\n<p><\/p>\n\n\n\n<p>Entre em contato conosco atrav\u00e9s dos e-mails abaixo:<\/p>\n\n\n\n<p>Administra\u00e7\u00e3o<br><a href=\"mailto:administracao@vidreiros.org.br\" target=\"_blank\" rel=\"noreferrer noopener\">administracao@vidreiros.org.br<\/a><\/p>\n\n\n\n<p><\/p>\n\n\n\n<p>Secretaria Jur\u00eddica:<br><a href=\"mailto:juridico@vidreiros.org.br\" target=\"_blank\" rel=\"noreferrer noopener\">juridico@vidreiros.org.br<\/a><\/p>\n\n\n\n<p><\/p>\n\n\n\n<p>Secretaria Financeira:<br><a href=\"mailto:financas@vidreiros.org.br\" target=\"_blank\" rel=\"noreferrer noopener\">financas@vidreiros.org.br<\/a><\/p>\n\n\n\n<p>Secretaria Organiza\u00e7\u00e3o:<br><a href=\"mailto:organizacao@vidreiros.org.br\" target=\"_blank\" rel=\"noreferrer noopener\">organizacao@vidreiros.org.br<\/a><\/p>\n\n\n\n<p>Secretaria de Imprensa:<br><a href=\"mailto:imprensa@vidreiros.org.br\" target=\"_blank\" rel=\"noreferrer noopener\">imprensa@vidreiros.org.br<\/a><\/p>\n\n\n\n<p>Secretaria de Forma\u00e7\u00e3o:<br><a href=\"mailto:formacao@vidreiros.org.br\" target=\"_blank\" rel=\"noreferrer noopener\">formacao@vidreiros.org.br<\/a><\/p>\n\n\n\n<p>Secretaria de Sa\u00fade:<br><a href=\"mailto:saude@vidreiros.org.br\" target=\"_blank\" rel=\"noreferrer noopener\">saude@vidreiros.org.br<\/a><\/p>\n\n\n\n<p>Subsede S\u00e3o Bernardo do Campo:<br><a href=\"mailto:subsedesbc@vidreiros.org.br\" target=\"_blank\" rel=\"noreferrer noopener\">subsedesbc@vidreiros.org.br<\/a><\/p>\n\n\n\n<p>Subsede S\u00e3o Jos\u00e9 dos Campos:<br><a href=\"mailto:subsedesjc@vidreiros.org.br\" target=\"_blank\" rel=\"noreferrer noopener\">subsedesjc@vidreiros.org.br<\/a><\/p>\n\n\n\n<p>Subsede Rio Claro:<br><a href=\"mailto:subsederc@vidreiros.org.br\" target=\"_blank\" rel=\"noreferrer noopener\">subsederc@vidreiros.org.br<\/a><\/p>\n","protected":false},"excerpt":{"rendered":"<p>SEDE CENTRAL: Avenida Rangel Pestana, 1189 Br\u00e1s \u2013 S\u00e3o Paulo (SP) (11) 3312-7777 SUBSEDE S\u00c3O BERNARDO DO CAMPO: Av. das Rosas, 122 Centro de S\u00e3o Bernardo (ABC PAULISTA) (11) 4339-1834 SUBSEDE FERRAZ DE VASCONCELOS: Rua Godofredo Os\u00f3rio Novaes, 44b (ao lado do dep\u00f3sito Depofix) (11) 4678-4882 SUBSEDE RIO CLARO: Av. 2, n\u00ba 453, sala 3&hellip;<\/p>\n","protected":false},"author":1,"featured_media":0,"parent":0,"menu_order":0,"comment_status":"closed","ping_status":"closed","template":"","meta":{"limit_modified_date":"","last_modified_date":"","cybocfi_hide_featured_image":"","footnotes":""},"class_list":["post-26820","page","type-page","status-publish","hentry"],"_links":{"self":[{"href":"https:\/\/vidreiros.org.br\/novo\/index.php?rest_route=\/wp\/v2\/pages\/26820","targetHints":{"allow":["GET"]}}],"collection":[{"href":"https:\/\/vidreiros.org.br\/novo\/index.php?rest_route=\/wp\/v2\/pages"}],"about":[{"href":"https:\/\/vidreiros.org.br\/novo\/index.php?rest_route=\/wp\/v2\/types\/page"}],"author":[{"embeddable":true,"href":"https:\/\/vidreiros.org.br\/novo\/index.php?rest_route=\/wp\/v2\/users\/1"}],"replies":[{"embeddable":true,"href":"https:\/\/vidreiros.org.br\/novo\/index.php?rest_route=%2Fwp%2Fv2%2Fcomments&post=26820"}],"version-history":[{"count":6,"href":"https:\/\/vidreiros.org.br\/novo\/index.php?rest_route=\/wp\/v2\/pages\/26820\/revisions"}],"predecessor-version":[{"id":29063,"href":"https:\/\/vidreiros.org.br\/novo\/index.php?rest_route=\/wp\/v2\/pages\/26820\/revisions\/29063"}],"wp:attachment":[{"href":"https:\/\/vidreiros.org.br\/novo\/index.php?rest_route=%2Fwp%2Fv2%2Fmedia&parent=26820"}],"curies":[{"name":"wp","href":"https:\/\/api.w.org\/{rel}","templated":true}]}}