{"id":28194,"date":"2023-07-03T11:24:22","date_gmt":"2023-07-03T14:24:22","guid":{"rendered":"http:\/\/vidreiros.org.br\/novo\/?page_id=28194"},"modified":"2023-07-03T21:20:25","modified_gmt":"2023-07-04T00:20:25","slug":"pagina-sobre-acessibilidade","status":"publish","type":"page","link":"https:\/\/vidreiros.org.br\/novo\/?page_id=28194","title":{"rendered":"P\u00e1gina sobre acessibilidade"},"content":{"rendered":"\t\t<div data-elementor-type=\"wp-page\" data-elementor-id=\"28194\" class=\"elementor elementor-28194\">\n\t\t\t\t\t\t<section class=\"elementor-section elementor-top-section elementor-element elementor-element-c75b117 elementor-section-boxed elementor-section-height-default elementor-section-height-default sc_fly_static\" data-id=\"c75b117\" data-element_type=\"section\">\n\t\t\t\t\t\t<div class=\"elementor-container elementor-column-gap-extended\">\n\t\t\t\t\t<div class=\"elementor-column elementor-col-100 elementor-top-column elementor-element elementor-element-2457e30 sc_inner_width_none sc_content_align_inherit sc_layouts_column_icons_position_left sc_fly_static\" data-id=\"2457e30\" data-element_type=\"column\">\n\t\t\t<div class=\"elementor-widget-wrap elementor-element-populated\">\n\t\t\t\t\t\t<div class=\"elementor-element elementor-element-b35884e sc_fly_static elementor-widget elementor-widget-heading\" data-id=\"b35884e\" data-element_type=\"widget\" data-widget_type=\"heading.default\">\n\t\t\t\t<div class=\"elementor-widget-container\">\n\t\t\t\t\t<h2 class=\"elementor-heading-title elementor-size-default\">Sindicato dos Vidreiros agora tem recurso de acessibilidade para pessoas com defici\u00eancias<\/h2>\t\t\t\t<\/div>\n\t\t\t\t<\/div>\n\t\t\t\t\t<\/div>\n\t\t<\/div>\n\t\t\t\t\t<\/div>\n\t\t<\/section>\n\t\t\t\t<section class=\"elementor-section elementor-top-section elementor-element elementor-element-cd87e51 elementor-section-boxed elementor-section-height-default elementor-section-height-default sc_fly_static\" data-id=\"cd87e51\" data-element_type=\"section\">\n\t\t\t\t\t\t<div class=\"elementor-container elementor-column-gap-extended\">\n\t\t\t\t\t<div class=\"elementor-column elementor-col-100 elementor-top-column elementor-element elementor-element-18bec6f sc_inner_width_none sc_content_align_inherit sc_layouts_column_icons_position_left sc_fly_static\" data-id=\"18bec6f\" data-element_type=\"column\">\n\t\t\t<div class=\"elementor-widget-wrap elementor-element-populated\">\n\t\t\t\t\t\t<div class=\"elementor-element elementor-element-c35f7cd elementor-widget-divider--view-line sc_fly_static elementor-widget elementor-widget-divider\" data-id=\"c35f7cd\" data-element_type=\"widget\" data-widget_type=\"divider.default\">\n\t\t\t\t<div class=\"elementor-widget-container\">\n\t\t\t\t\t\t\t<div class=\"elementor-divider\">\n\t\t\t<span class=\"elementor-divider-separator\">\n\t\t\t\t\t\t<\/span>\n\t\t<\/div>\n\t\t\t\t\t\t<\/div>\n\t\t\t\t<\/div>\n\t\t\t\t<div class=\"elementor-element elementor-element-c2963de sc_fly_static elementor-widget elementor-widget-text-editor\" data-id=\"c2963de\" data-element_type=\"widget\" data-widget_type=\"text-editor.default\">\n\t\t\t\t<div class=\"elementor-widget-container\">\n\t\t\t\t\t\t\t\t\t<p>A inclus\u00e3o de pessoas com defici\u00eancias (PCDs) tanto no mercado de trabalho como na acessibilidade nos mais diversos espa\u00e7os \u00e9 uma luta priorit\u00e1ria. Um desses espa\u00e7os \u00e9 o digital. Em processo de desenvolvimento ao longo dos \u00faltimos meses, as ferramentas que v\u00e3o possibilitar a esse p\u00fablico com defici\u00eancias visuais e\/ou auditivas ter acesso ao conte\u00fado da Central j\u00e1 come\u00e7aram a ser implantadas no Portal sindicato dos vidreiros.<\/p><p>O VLibras \u00e9 uma ferramenta que traduz conte\u00fados digitais, sejam textos, \u00e1udios ou v\u00eddeos em portugu\u00eas para a L\u00edngua Brasileira de Sinais \u2013 as libras. O sistema foi desenvolvido para os mais diversos dispositivos \u2013 computadores, celulares (smartphones), tablets e plataformas web \u2013 para os quais o recurso j\u00e1 est\u00e1 dispon\u00edvel.<\/p>\t\t\t\t\t\t\t\t<\/div>\n\t\t\t\t<\/div>\n\t\t\t\t\t<\/div>\n\t\t<\/div>\n\t\t\t\t\t<\/div>\n\t\t<\/section>\n\t\t\t\t<section class=\"elementor-section elementor-top-section elementor-element elementor-element-3a8bc89 elementor-section-boxed elementor-section-height-default elementor-section-height-default sc_fly_static\" data-id=\"3a8bc89\" data-element_type=\"section\">\n\t\t\t\t\t\t<div class=\"elementor-container elementor-column-gap-extended\">\n\t\t\t\t\t<div class=\"elementor-column elementor-col-100 elementor-top-column elementor-element elementor-element-9eb6197 sc_inner_width_none sc_content_align_inherit sc_layouts_column_icons_position_left sc_fly_static\" data-id=\"9eb6197\" data-element_type=\"column\">\n\t\t\t<div class=\"elementor-widget-wrap elementor-element-populated\">\n\t\t\t\t\t\t<div class=\"elementor-element elementor-element-4aaf299 sc_fly_static elementor-widget elementor-widget-heading\" data-id=\"4aaf299\" data-element_type=\"widget\" data-widget_type=\"heading.default\">\n\t\t\t\t<div class=\"elementor-widget-container\">\n\t\t\t\t\t<h2 class=\"elementor-heading-title elementor-size-default\">Como acessar?<\/h2>\t\t\t\t<\/div>\n\t\t\t\t<\/div>\n\t\t\t\t<div class=\"elementor-element elementor-element-50dbb96 elementor-widget-divider--view-line sc_fly_static elementor-widget elementor-widget-divider\" data-id=\"50dbb96\" data-element_type=\"widget\" data-widget_type=\"divider.default\">\n\t\t\t\t<div class=\"elementor-widget-container\">\n\t\t\t\t\t\t\t<div class=\"elementor-divider\">\n\t\t\t<span class=\"elementor-divider-separator\">\n\t\t\t\t\t\t<\/span>\n\t\t<\/div>\n\t\t\t\t\t\t<\/div>\n\t\t\t\t<\/div>\n\t\t\t\t\t<\/div>\n\t\t<\/div>\n\t\t\t\t\t<\/div>\n\t\t<\/section>\n\t\t\t\t<section class=\"elementor-section elementor-top-section elementor-element elementor-element-a3a37e8 elementor-section-boxed elementor-section-height-default elementor-section-height-default sc_fly_static\" data-id=\"a3a37e8\" data-element_type=\"section\">\n\t\t\t\t\t\t<div class=\"elementor-container elementor-column-gap-extended\">\n\t\t\t\t\t<div class=\"elementor-column elementor-col-50 elementor-top-column elementor-element elementor-element-2c312b9 sc_inner_width_none sc_content_align_inherit sc_layouts_column_icons_position_left sc_fly_static\" data-id=\"2c312b9\" data-element_type=\"column\">\n\t\t\t<div class=\"elementor-widget-wrap elementor-element-populated\">\n\t\t\t\t\t\t<div class=\"elementor-element elementor-element-5407071 sc_fly_static elementor-widget elementor-widget-image\" data-id=\"5407071\" data-element_type=\"widget\" data-widget_type=\"image.default\">\n\t\t\t\t<div class=\"elementor-widget-container\">\n\t\t\t\t\t\t\t\t\t\t\t\t\t\t\t<img fetchpriority=\"high\" decoding=\"async\" width=\"578\" height=\"498\" src=\"https:\/\/vidreiros.org.br\/novo\/wp-content\/uploads\/2023\/07\/VLibras-2.png\" class=\"lazyload_inited attachment-large size-large wp-image-28256\" alt=\"\" srcset=\"https:\/\/vidreiros.org.br\/novo\/wp-content\/uploads\/2023\/07\/VLibras-2.png 578w, https:\/\/vidreiros.org.br\/novo\/wp-content\/uploads\/2023\/07\/VLibras-2-300x258.png 300w, https:\/\/vidreiros.org.br\/novo\/wp-content\/uploads\/2023\/07\/VLibras-2-370x319.png 370w\" sizes=\"(max-width: 600px) 100vw, 578px\" \/>\t\t\t\t\t\t\t\t\t\t\t\t\t\t\t<\/div>\n\t\t\t\t<\/div>\n\t\t\t\t<div class=\"elementor-element elementor-element-c57526c sc_fly_static elementor-widget elementor-widget-text-editor\" data-id=\"c57526c\" data-element_type=\"widget\" data-widget_type=\"text-editor.default\">\n\t\t\t\t<div class=\"elementor-widget-container\">\n\t\t\t\t\t\t\t\t\t<p>Na lateral direita da tela tanto do computador como do celular, h\u00e1 o \u00edcone azul que d\u00e1 acesso \u00e0 ferramenta.<\/p>\t\t\t\t\t\t\t\t<\/div>\n\t\t\t\t<\/div>\n\t\t\t\t\t<\/div>\n\t\t<\/div>\n\t\t\t\t<div class=\"elementor-column elementor-col-50 elementor-top-column elementor-element elementor-element-7406384 sc_inner_width_none sc_content_align_inherit sc_layouts_column_icons_position_left sc_fly_static\" data-id=\"7406384\" data-element_type=\"column\">\n\t\t\t<div class=\"elementor-widget-wrap elementor-element-populated\">\n\t\t\t\t\t\t<div class=\"elementor-element elementor-element-caa4489 sc_fly_static elementor-widget elementor-widget-image\" data-id=\"caa4489\" data-element_type=\"widget\" data-widget_type=\"image.default\">\n\t\t\t\t<div class=\"elementor-widget-container\">\n\t\t\t\t\t\t\t\t\t\t\t\t\t\t\t<img decoding=\"async\" width=\"847\" height=\"767\" src=\"https:\/\/vidreiros.org.br\/novo\/wp-content\/uploads\/2023\/07\/VLibras-1.png\" class=\"lazyload_inited attachment-large size-large wp-image-28261\" alt=\"\" srcset=\"https:\/\/vidreiros.org.br\/novo\/wp-content\/uploads\/2023\/07\/VLibras-1.png 847w, https:\/\/vidreiros.org.br\/novo\/wp-content\/uploads\/2023\/07\/VLibras-1-300x272.png 300w, https:\/\/vidreiros.org.br\/novo\/wp-content\/uploads\/2023\/07\/VLibras-1-768x695.png 768w, https:\/\/vidreiros.org.br\/novo\/wp-content\/uploads\/2023\/07\/VLibras-1-370x335.png 370w, https:\/\/vidreiros.org.br\/novo\/wp-content\/uploads\/2023\/07\/VLibras-1-642x581.png 642w\" sizes=\"(max-width: 847px) 100vw, 847px\" \/>\t\t\t\t\t\t\t\t\t\t\t\t\t\t\t<\/div>\n\t\t\t\t<\/div>\n\t\t\t\t<div class=\"elementor-element elementor-element-71019c5 sc_fly_static elementor-widget elementor-widget-text-editor\" data-id=\"71019c5\" data-element_type=\"widget\" data-widget_type=\"text-editor.default\">\n\t\t\t\t<div class=\"elementor-widget-container\">\n\t\t\t\t\t\t\t\t\t<p>Ao clicar com o mouse no computador ou tocar sobre ele na tela do celular uma janela ser\u00e1 aberta com o avatar do int\u00e9rprete.<\/p>\t\t\t\t\t\t\t\t<\/div>\n\t\t\t\t<\/div>\n\t\t\t\t\t<\/div>\n\t\t<\/div>\n\t\t\t\t\t<\/div>\n\t\t<\/section>\n\t\t\t\t<section class=\"elementor-section elementor-top-section elementor-element elementor-element-1ad264c elementor-section-boxed elementor-section-height-default elementor-section-height-default sc_fly_static\" data-id=\"1ad264c\" data-element_type=\"section\">\n\t\t\t\t\t\t<div class=\"elementor-container elementor-column-gap-extended\">\n\t\t\t\t\t<div class=\"elementor-column elementor-col-100 elementor-top-column elementor-element elementor-element-cb77fb4 sc_inner_width_none sc_content_align_inherit sc_layouts_column_icons_position_left sc_fly_static\" data-id=\"cb77fb4\" data-element_type=\"column\">\n\t\t\t<div class=\"elementor-widget-wrap elementor-element-populated\">\n\t\t\t\t\t\t<div class=\"elementor-element elementor-element-11d20a3 elementor-widget-divider--view-line sc_fly_static elementor-widget elementor-widget-divider\" data-id=\"11d20a3\" data-element_type=\"widget\" data-widget_type=\"divider.default\">\n\t\t\t\t<div class=\"elementor-widget-container\">\n\t\t\t\t\t\t\t<div class=\"elementor-divider\">\n\t\t\t<span class=\"elementor-divider-separator\">\n\t\t\t\t\t\t<\/span>\n\t\t<\/div>\n\t\t\t\t\t\t<\/div>\n\t\t\t\t<\/div>\n\t\t\t\t<div class=\"elementor-element elementor-element-ed97a28 sc_fly_static elementor-widget elementor-widget-text-editor\" data-id=\"ed97a28\" data-element_type=\"widget\" data-widget_type=\"text-editor.default\">\n\t\t\t\t<div class=\"elementor-widget-container\">\n\t\t\t\t\t\t\t\t\t<p><strong>Iniciativa visa inclus\u00e3o<\/strong><\/p><p>A acessibilidade digital \u00e9 um debate que vem sendo feito de forma cada vez mais incisiva no movimento sindical e nos movimentos sociais. O objetivo \u00e9 garantir que os trabalhadores tenham acesso \u00e0s informa\u00e7\u00f5es pertinentes aos seus direitos no trabalho e na sociedade como um todo.<\/p><p>A Lei Brasileira de Inclus\u00e3o (LBI), de 2016, determina que sites brasileiros &#8211; tanto p\u00fablicos como privados &#8211; devem oferecer acessibilidade para os mais de 45 milh\u00f5es de brasileiros com algum tipo de defici\u00eancia. Por\u00e9m, de acordo com um estudo feito pelo Movimento Web para Todos em parceria com o BigDataCorp, menos de 1% cumprem a lei.<\/p>\t\t\t\t\t\t\t\t<\/div>\n\t\t\t\t<\/div>\n\t\t\t\t\t<\/div>\n\t\t<\/div>\n\t\t\t\t\t<\/div>\n\t\t<\/section>\n\t\t\t\t<\/div>\n\t\t","protected":false},"excerpt":{"rendered":"<p>Sindicato dos Vidreiros agora tem recurso de acessibilidade para pessoas com defici\u00eancias A inclus\u00e3o de pessoas com defici\u00eancias (PCDs) tanto no mercado de trabalho como na acessibilidade nos mais diversos espa\u00e7os \u00e9 uma luta priorit\u00e1ria. Um desses espa\u00e7os \u00e9 o digital. Em processo de desenvolvimento ao longo dos \u00faltimos meses, as ferramentas que v\u00e3o possibilitar&hellip;<\/p>\n","protected":false},"author":1,"featured_media":0,"parent":0,"menu_order":0,"comment_status":"closed","ping_status":"closed","template":"","meta":{"limit_modified_date":"","last_modified_date":"","cybocfi_hide_featured_image":"","footnotes":""},"class_list":["post-28194","page","type-page","status-publish","hentry"],"_links":{"self":[{"href":"https:\/\/vidreiros.org.br\/novo\/index.php?rest_route=\/wp\/v2\/pages\/28194","targetHints":{"allow":["GET"]}}],"collection":[{"href":"https:\/\/vidreiros.org.br\/novo\/index.php?rest_route=\/wp\/v2\/pages"}],"about":[{"href":"https:\/\/vidreiros.org.br\/novo\/index.php?rest_route=\/wp\/v2\/types\/page"}],"author":[{"embeddable":true,"href":"https:\/\/vidreiros.org.br\/novo\/index.php?rest_route=\/wp\/v2\/users\/1"}],"replies":[{"embeddable":true,"href":"https:\/\/vidreiros.org.br\/novo\/index.php?rest_route=%2Fwp%2Fv2%2Fcomments&post=28194"}],"version-history":[{"count":28,"href":"https:\/\/vidreiros.org.br\/novo\/index.php?rest_route=\/wp\/v2\/pages\/28194\/revisions"}],"predecessor-version":[{"id":28279,"href":"https:\/\/vidreiros.org.br\/novo\/index.php?rest_route=\/wp\/v2\/pages\/28194\/revisions\/28279"}],"wp:attachment":[{"href":"https:\/\/vidreiros.org.br\/novo\/index.php?rest_route=%2Fwp%2Fv2%2Fmedia&parent=28194"}],"curies":[{"name":"wp","href":"https:\/\/api.w.org\/{rel}","templated":true}]}}