{"id":28230,"date":"2023-07-03T16:00:44","date_gmt":"2023-07-03T19:00:44","guid":{"rendered":"http:\/\/vidreiros.org.br\/novo\/?page_id=28230"},"modified":"2023-07-13T10:15:34","modified_gmt":"2023-07-13T13:15:34","slug":"regioes-de-atuacao","status":"publish","type":"page","link":"https:\/\/vidreiros.org.br\/novo\/?page_id=28230","title":{"rendered":"Regi\u00f5es de atua\u00e7\u00e3o"},"content":{"rendered":"\n<p>O Sindicato dos Trabalhadores nas Empresas de Fabrica\u00e7\u00e3o, Beneficiamento e Transforma\u00e7\u00e3o de Vidros, Cristais, Espelhos, Fibra e L\u00e3 de Vidro no Estado de S\u00e3o Paulo representa os trabalhadores e as trabalhadoras nas empresas de Vidros e Cristais no Estado de S\u00e3o Paulo, representadas pelo Sindicato da Ind\u00fastria de Vidros e Cristais Planos e Ocos no Estado de S\u00e3o Paulo (sindicato patronal), <strong>com exce\u00e7\u00e3o<\/strong> aos munic\u00edpios de Campinas, Capivari, Itu, Valinhos, Ribeir\u00e3o Preto, Jaboticabal, Jundia\u00ed, Itatiba, Louveira, Pedreira, Porto Ferreira, Santos e S\u00e3o Vicente.<\/p>\n","protected":false},"excerpt":{"rendered":"<p>O Sindicato dos Trabalhadores nas Empresas de Fabrica\u00e7\u00e3o, Beneficiamento e Transforma\u00e7\u00e3o de Vidros, Cristais, Espelhos, Fibra e L\u00e3 de Vidro no Estado de S\u00e3o Paulo representa os trabalhadores e as trabalhadoras nas empresas de Vidros e Cristais no Estado de S\u00e3o Paulo, representadas pelo Sindicato da Ind\u00fastria de Vidros e Cristais Planos e Ocos no&hellip;<\/p>\n","protected":false},"author":1,"featured_media":0,"parent":0,"menu_order":0,"comment_status":"closed","ping_status":"closed","template":"","meta":{"limit_modified_date":"","last_modified_date":"","cybocfi_hide_featured_image":"","footnotes":""},"class_list":["post-28230","page","type-page","status-publish","hentry"],"_links":{"self":[{"href":"https:\/\/vidreiros.org.br\/novo\/index.php?rest_route=\/wp\/v2\/pages\/28230","targetHints":{"allow":["GET"]}}],"collection":[{"href":"https:\/\/vidreiros.org.br\/novo\/index.php?rest_route=\/wp\/v2\/pages"}],"about":[{"href":"https:\/\/vidreiros.org.br\/novo\/index.php?rest_route=\/wp\/v2\/types\/page"}],"author":[{"embeddable":true,"href":"https:\/\/vidreiros.org.br\/novo\/index.php?rest_route=\/wp\/v2\/users\/1"}],"replies":[{"embeddable":true,"href":"https:\/\/vidreiros.org.br\/novo\/index.php?rest_route=%2Fwp%2Fv2%2Fcomments&post=28230"}],"version-history":[{"count":2,"href":"https:\/\/vidreiros.org.br\/novo\/index.php?rest_route=\/wp\/v2\/pages\/28230\/revisions"}],"predecessor-version":[{"id":28307,"href":"https:\/\/vidreiros.org.br\/novo\/index.php?rest_route=\/wp\/v2\/pages\/28230\/revisions\/28307"}],"wp:attachment":[{"href":"https:\/\/vidreiros.org.br\/novo\/index.php?rest_route=%2Fwp%2Fv2%2Fmedia&parent=28230"}],"curies":[{"name":"wp","href":"https:\/\/api.w.org\/{rel}","templated":true}]}}