{"id":28234,"date":"2023-07-03T16:04:05","date_gmt":"2023-07-03T19:04:05","guid":{"rendered":"http:\/\/vidreiros.org.br\/novo\/?page_id=28234"},"modified":"2023-07-13T10:17:30","modified_gmt":"2023-07-13T13:17:30","slug":"sitio-dos-vidreiros","status":"publish","type":"page","link":"https:\/\/vidreiros.org.br\/novo\/?page_id=28234","title":{"rendered":"S\u00edtio dos Vidreiros"},"content":{"rendered":"<style>.kb-image_5904df-d4 .kb-image-has-overlay:after{opacity:0.3;}<\/style>\n<figure class=\"wp-block-kadence-image kb-image_5904df-d4 size-large\"><img fetchpriority=\"high\" decoding=\"async\" width=\"1024\" height=\"576\" src=\"http:\/\/vidreiros.org.br\/novo\/wp-content\/uploads\/2023\/07\/2DSCN0112-1024x576.jpg\" alt=\"\" class=\"lazyload_inited kb-img wp-image-28287\" srcset=\"https:\/\/vidreiros.org.br\/novo\/wp-content\/uploads\/2023\/07\/2DSCN0112-1024x576.jpg 1024w, https:\/\/vidreiros.org.br\/novo\/wp-content\/uploads\/2023\/07\/2DSCN0112-300x169.jpg 300w, https:\/\/vidreiros.org.br\/novo\/wp-content\/uploads\/2023\/07\/2DSCN0112-768x432.jpg 768w, https:\/\/vidreiros.org.br\/novo\/wp-content\/uploads\/2023\/07\/2DSCN0112-370x208.jpg 370w, https:\/\/vidreiros.org.br\/novo\/wp-content\/uploads\/2023\/07\/2DSCN0112-1080x607.jpg 1080w, https:\/\/vidreiros.org.br\/novo\/wp-content\/uploads\/2023\/07\/2DSCN0112-865x486.jpg 865w, https:\/\/vidreiros.org.br\/novo\/wp-content\/uploads\/2023\/07\/2DSCN0112-642x361.jpg 642w, https:\/\/vidreiros.org.br\/novo\/wp-content\/uploads\/2023\/07\/2DSCN0112-270x152.jpg 270w, https:\/\/vidreiros.org.br\/novo\/wp-content\/uploads\/2023\/07\/2DSCN0112.jpg 1181w\" sizes=\"(max-width: 1024px) 100vw, 1024px\" \/><\/figure>\n\n\n\n<p><\/p>\n\n\n\n<p>Voc\u00ea associado conta tamb\u00e9m com o S\u00edtio dos Vidreiros! Localizado em Bom Jesus dos Perd\u00f5es, pr\u00f3ximo a Nazar\u00e9 Paulista.<br>L\u00e1 voc\u00ea encontra uma grande \u00e1rea verde, sal\u00e3o de festas, churrasqueira, trilha para caminhada, piscina adulto e infantil, campo de futebol society, sal\u00e3o de jogos, cinco pousadas com capacidade para 8 pessoas cada.<\/p>\n\n\n\n<p><strong>Servi\u00e7os<\/strong><br>Hospedagem em pousada, com os seguintes lazeres:<br>\u2013 sal\u00e3o de festas<br>\u2013 churrasqueira<br>\u2013 trilha para caminhada<br>\u2013 piscinas para adultos e crian\u00e7as<br>\u2013 campo de futebol society<br>\u2013 sal\u00e3o de jogos<\/p>\n\n\n<style>.kb-image_21f1d6-5f .kb-image-has-overlay:after{opacity:0.3;}<\/style>\n<figure class=\"wp-block-kadence-image kb-image_21f1d6-5f\"><img alt=\"\" class=\"kb-img\"\/><\/figure>\n","protected":false},"excerpt":{"rendered":"<p>Voc\u00ea associado conta tamb\u00e9m com o S\u00edtio dos Vidreiros! Localizado em Bom Jesus dos Perd\u00f5es, pr\u00f3ximo a Nazar\u00e9 Paulista.L\u00e1 voc\u00ea encontra uma grande \u00e1rea verde, sal\u00e3o de festas, churrasqueira, trilha para caminhada, piscina adulto e infantil, campo de futebol society, sal\u00e3o de jogos, cinco pousadas com capacidade para 8 pessoas cada. Servi\u00e7osHospedagem em pousada, com&hellip;<\/p>\n","protected":false},"author":1,"featured_media":0,"parent":0,"menu_order":0,"comment_status":"closed","ping_status":"closed","template":"","meta":{"limit_modified_date":"","last_modified_date":"","cybocfi_hide_featured_image":"","footnotes":""},"class_list":["post-28234","page","type-page","status-publish","hentry"],"_links":{"self":[{"href":"https:\/\/vidreiros.org.br\/novo\/index.php?rest_route=\/wp\/v2\/pages\/28234","targetHints":{"allow":["GET"]}}],"collection":[{"href":"https:\/\/vidreiros.org.br\/novo\/index.php?rest_route=\/wp\/v2\/pages"}],"about":[{"href":"https:\/\/vidreiros.org.br\/novo\/index.php?rest_route=\/wp\/v2\/types\/page"}],"author":[{"embeddable":true,"href":"https:\/\/vidreiros.org.br\/novo\/index.php?rest_route=\/wp\/v2\/users\/1"}],"replies":[{"embeddable":true,"href":"https:\/\/vidreiros.org.br\/novo\/index.php?rest_route=%2Fwp%2Fv2%2Fcomments&post=28234"}],"version-history":[{"count":4,"href":"https:\/\/vidreiros.org.br\/novo\/index.php?rest_route=\/wp\/v2\/pages\/28234\/revisions"}],"predecessor-version":[{"id":28315,"href":"https:\/\/vidreiros.org.br\/novo\/index.php?rest_route=\/wp\/v2\/pages\/28234\/revisions\/28315"}],"wp:attachment":[{"href":"https:\/\/vidreiros.org.br\/novo\/index.php?rest_route=%2Fwp%2Fv2%2Fmedia&parent=28234"}],"curies":[{"name":"wp","href":"https:\/\/api.w.org\/{rel}","templated":true}]}}