{"id":28243,"date":"2023-07-03T16:08:47","date_gmt":"2023-07-03T19:08:47","guid":{"rendered":"http:\/\/vidreiros.org.br\/novo\/?page_id=28243"},"modified":"2023-07-13T10:20:22","modified_gmt":"2023-07-13T13:20:22","slug":"associacao-dos-aposentados-e-o-vidreiro-aposentado","status":"publish","type":"page","link":"https:\/\/vidreiros.org.br\/novo\/?page_id=28243","title":{"rendered":"Associa\u00e7\u00e3o dos Aposentados Vidreiros"},"content":{"rendered":"\n<p>A Associa\u00e7\u00e3o dos Aposentados Vidreiros, Pensionistas e Ecl\u00e9ticos, filiada ao Sindicato Nacional da CUT, com sede no mesmo pr\u00e9dio do Sindicato, mant\u00e9m o servi\u00e7o de aposentadoria a todos os associados (com as mensalidades em dia); contagem do tempo para a aposentadoria; orienta\u00e7\u00e3o nas documenta\u00e7\u00f5es necess\u00e1rias e entrada no INSS. Servi\u00e7os aos aposentados e departamento jur\u00eddico para processos contra o INSS.<\/p>\n\n\n\n<p>Agende um atendimento atrav\u00e9s de contato com a sede<strong> <\/strong>pelo telefone (11) 3312-7777, pela subsede de S\u00e3o Bernardo no (11) 4339-1834 ou no WhatsApp da Associa\u00e7\u00e3o (11) 93067-5861, de segunda a sexta, das 9h \u00e0s 14h.<\/p>\n","protected":false},"excerpt":{"rendered":"<p>A Associa\u00e7\u00e3o dos Aposentados Vidreiros, Pensionistas e Ecl\u00e9ticos, filiada ao Sindicato Nacional da CUT, com sede no mesmo pr\u00e9dio do Sindicato, mant\u00e9m o servi\u00e7o de aposentadoria a todos os associados (com as mensalidades em dia); contagem do tempo para a aposentadoria; orienta\u00e7\u00e3o nas documenta\u00e7\u00f5es necess\u00e1rias e entrada no INSS. Servi\u00e7os aos aposentados e departamento jur\u00eddico&hellip;<\/p>\n","protected":false},"author":1,"featured_media":0,"parent":0,"menu_order":0,"comment_status":"closed","ping_status":"closed","template":"","meta":{"limit_modified_date":"","last_modified_date":"","cybocfi_hide_featured_image":"","footnotes":""},"class_list":["post-28243","page","type-page","status-publish","hentry"],"_links":{"self":[{"href":"https:\/\/vidreiros.org.br\/novo\/index.php?rest_route=\/wp\/v2\/pages\/28243","targetHints":{"allow":["GET"]}}],"collection":[{"href":"https:\/\/vidreiros.org.br\/novo\/index.php?rest_route=\/wp\/v2\/pages"}],"about":[{"href":"https:\/\/vidreiros.org.br\/novo\/index.php?rest_route=\/wp\/v2\/types\/page"}],"author":[{"embeddable":true,"href":"https:\/\/vidreiros.org.br\/novo\/index.php?rest_route=\/wp\/v2\/users\/1"}],"replies":[{"embeddable":true,"href":"https:\/\/vidreiros.org.br\/novo\/index.php?rest_route=%2Fwp%2Fv2%2Fcomments&post=28243"}],"version-history":[{"count":2,"href":"https:\/\/vidreiros.org.br\/novo\/index.php?rest_route=\/wp\/v2\/pages\/28243\/revisions"}],"predecessor-version":[{"id":28325,"href":"https:\/\/vidreiros.org.br\/novo\/index.php?rest_route=\/wp\/v2\/pages\/28243\/revisions\/28325"}],"wp:attachment":[{"href":"https:\/\/vidreiros.org.br\/novo\/index.php?rest_route=%2Fwp%2Fv2%2Fmedia&parent=28243"}],"curies":[{"name":"wp","href":"https:\/\/api.w.org\/{rel}","templated":true}]}}